{"id":849,"date":"2025-10-01T15:26:19","date_gmt":"2025-10-01T13:26:19","guid":{"rendered":"https:\/\/ferencviktoria.eu\/9th-transcarpathian-day-in-brussels\/ilona-turzay\/"},"modified":"2025-11-18T11:01:14","modified_gmt":"2025-11-18T10:01:14","slug":"teacher-2","status":"publish","type":"page","link":"https:\/\/ferencviktoria.eu\/en\/transcarpathian-day-in-brussels\/faces-from-the-past\/teacher-2\/","title":{"rendered":"Ilona Turzay"},"content":{"rendered":"\t\t<div data-elementor-type=\"wp-page\" data-elementor-id=\"849\" class=\"elementor elementor-849 elementor-829\">\n\t\t\t\t<div class=\"elementor-element elementor-element-1b11e0e e-flex e-con-boxed creativo-sticky-disabled e-con e-parent\" data-id=\"1b11e0e\" data-element_type=\"container\" data-settings=\"{&quot;background_background&quot;:&quot;classic&quot;,&quot;enable_creativo_sticky&quot;:&quot;disabled&quot;}\">\n\t\t\t\t\t<div class=\"e-con-inner\">\n\t\t\t\t<div class=\"elementor-element elementor-element-f655939 elementor-widget elementor-widget-wp-widget-bcn_widget\" data-id=\"f655939\" data-element_type=\"widget\" data-widget_type=\"wp-widget-bcn_widget.default\">\n\t\t\t\t<div class=\"elementor-widget-container\">\n\t\t\t\t\t<div class=\"breadcrumbs\" vocab=\"https:\/\/schema.org\/\" typeof=\"BreadcrumbList\"><\/div>\t\t\t\t<\/div>\n\t\t\t\t<\/div>\n\t\t\t\t\t<\/div>\n\t\t\t\t<\/div>\n\t\t\t\t<section class=\"elementor-section elementor-top-section elementor-element elementor-element-9b28a4c elementor-section-boxed elementor-section-height-default elementor-section-height-default creativo-sticky-disabled\" data-id=\"9b28a4c\" data-element_type=\"section\" data-settings=\"{&quot;background_background&quot;:&quot;classic&quot;,&quot;enable_creativo_sticky&quot;:&quot;disabled&quot;}\">\n\t\t\t\t\t\t\t<div class=\"elementor-background-overlay\"><\/div>\n\t\t\t\t\t\t\t<div class=\"elementor-container elementor-column-gap-default\">\n\t\t\t\t\t<div class=\"elementor-column elementor-col-100 elementor-top-column elementor-element elementor-element-8ef0bc3\" data-id=\"8ef0bc3\" data-element_type=\"column\">\n\t\t\t<div class=\"elementor-widget-wrap elementor-element-populated\">\n\t\t\t\t\t\t<div class=\"elementor-element elementor-element-8bfd933 elementor-widget elementor-widget-heading\" data-id=\"8bfd933\" data-element_type=\"widget\" data-widget_type=\"heading.default\">\n\t\t\t\t\t<h2 class=\"elementor-heading-title elementor-size-default\">Ilona Turzay<\/h2>\t\t\t\t<\/div>\n\t\t\t\t\t<\/div>\n\t\t<\/div>\n\t\t\t\t\t<\/div>\n\t\t<\/section>\n\t\t<div class=\"elementor-element elementor-element-9cc5a74 e-flex e-con-boxed creativo-sticky-disabled e-con e-parent\" data-id=\"9cc5a74\" data-element_type=\"container\" data-settings=\"{&quot;enable_creativo_sticky&quot;:&quot;disabled&quot;}\">\n\t\t\t\t\t<div class=\"e-con-inner\">\n\t\t<div class=\"elementor-element elementor-element-9d0f00d e-con-full e-flex creativo-sticky-disabled e-con e-child\" data-id=\"9d0f00d\" data-element_type=\"container\" data-settings=\"{&quot;enable_creativo_sticky&quot;:&quot;disabled&quot;}\">\n\t\t\t\t<div class=\"elementor-element elementor-element-b606416 elementor-widget elementor-widget-image\" data-id=\"b606416\" data-element_type=\"widget\" data-widget_type=\"image.default\">\n\t\t\t\t\t\t\t\t\t\t\t\t<figure class=\"wp-caption\">\n\t\t\t\t\t\t\t\t\t\t<img fetchpriority=\"high\" decoding=\"async\" width=\"640\" height=\"1005\" src=\"https:\/\/ferencviktoria.eu\/wp-content\/uploads\/2025\/10\/portre_turzay_ilona-652x1024.jpg\" class=\"attachment-large size-large wp-image-1066\" alt=\"Teacher\" srcset=\"https:\/\/ferencviktoria.eu\/wp-content\/uploads\/2025\/10\/portre_turzay_ilona-652x1024.jpg 652w, https:\/\/ferencviktoria.eu\/wp-content\/uploads\/2025\/10\/portre_turzay_ilona-191x300.jpg 191w, https:\/\/ferencviktoria.eu\/wp-content\/uploads\/2025\/10\/portre_turzay_ilona.jpg 915w\" sizes=\"(max-width: 640px) 100vw, 640px\" \/>\t\t\t\t\t\t\t\t\t\t\t<figcaption class=\"widget-image-caption wp-caption-text\">Ilona Turzay<\/figcaption>\n\t\t\t\t\t\t\t\t\t\t<\/figure>\n\t\t\t\t\t\t\t\t\t<\/div>\n\t\t\t\t<\/div>\n\t\t<div class=\"elementor-element elementor-element-d4ef95f e-con-full e-flex creativo-sticky-disabled e-con e-child\" data-id=\"d4ef95f\" data-element_type=\"container\" data-settings=\"{&quot;enable_creativo_sticky&quot;:&quot;disabled&quot;}\">\n\t\t\t\t<div class=\"elementor-element elementor-element-0c63c4d elementor-widget elementor-widget-text-editor\" data-id=\"0c63c4d\" data-element_type=\"widget\" data-widget_type=\"text-editor.default\">\n\t\t\t\t\t\t\t\t\t<p>Limitless Faith<\/p>\n<p>In the Greek Catholic church of Beregsz\u00e1sz (Berehove), the 91-year-old Auntie Ilonka Turzay is well known. While it\u2019s true that she hasn\u2019t been able to attend the Holy Liturgies for a few months due to her health, she prays at home for her four-generation family.<\/p>\n<p>Auntie Ilonka is a living example of 20th-century Subcarpathian history: she was born during the Czechoslovak period, seeing the light of day in M\u00e1tyfalva (Matiyevo) in 1934. She began elementary school \u201cunder the Hungarians,\u201d but by the time she reached the upper grades, it was already the Soviet era. She also spent her adulthood under the communist regime: she completed university, got married, gave birth to children, and taught. She reached her retirement years as a citizen of independent Ukraine in Beregsz\u00e1sz\u2014as a Hungarian. She taught for over 50 years. She and her husband lived in a happy marriage for 54 years, having two children, three grandchildren, and six great-grandchildren.<\/p>\n<p>Auntie Ilonka experienced World War II as a teenager. She remembers the events well. There was great poverty at the time. They heard the Soviet front was approaching, so she and her neighbors dug a bunker at the end of the garden and filled it with food to have something left when the Russians arrived. When the war was lost and the bells of the Reformed and Greek Catholic churches rang, she cried bitterly because she was afraid of what would happen to them. Her father was on the front, and they didn\u2019t know if he would ever return home. He was eventually freed from captivity and came home.<\/p>\n<p>Their lives were spent in poverty. The Soviets took their land, their livestock, and their thresher. Her father long refused to join the kolkhoz (collective farm). Because of this, he was locked up in the council house for two days. He eventually gave in; he had no other choice.<\/p>\n<p>Auntie Ilonka was in the fourth grade when the Soviets marched in. They had never heard a Ukrainian or Russian word in the village before. Ukrainian-language education was introduced in the school. They didn\u2019t understand anything they were taught, nor did they want to speak Ukrainian or recite poetry. Only four grades operated in M\u00e1tyfalva. They began their upper-grade studies in Tisza\u00fajlak (Vylok), seven kilometers away. Teaching was also in Ukrainian there. They walked to school, or stayed in the village during the winter. It was there that they experienced the Tisza flood of 1947. They waded home in knee-deep water. The school was also damaged in the flood, so from then on, they studied in the neighboring village, Tisza\u00fajhely (Tysa), where a Ukrainian school had opened in the meantime.<\/p>\t\t\t\t\t\t\t\t<\/div>\n\t\t\t\t<\/div>\n\t\t<div class=\"elementor-element elementor-element-aa7abce e-con-full e-flex creativo-sticky-disabled e-con e-child\" data-id=\"aa7abce\" data-element_type=\"container\" data-settings=\"{&quot;enable_creativo_sticky&quot;:&quot;disabled&quot;}\">\n\t\t\t\t<div class=\"elementor-element elementor-element-7e2f1bb elementor-widget elementor-widget-text-editor\" data-id=\"7e2f1bb\" data-element_type=\"widget\" data-widget_type=\"text-editor.default\">\n\t\t\t\t\t\t\t\t\t<p>She completed secondary school in Beregsz\u00e1sz, at the high school on the bank of the V\u00e9rke river. She wanted to become a teacher. At the time, one year of practical school experience was required before university admission. She was assigned to the Hungarian school in Verb\u0151c (Verbiazh). She became the first-grade teacher. The village was three kilometers from M\u00e1tyfalva, and she walked to school. In winter, she rented a room in Verb\u0151c. The deputy principal encouraged her to apply to Kyiv to study biology. She successfully entered the university, where she studied for five years by correspondence. Meanwhile, she got a job as a biology teacher at the local secondary school in Tiszap\u00e9terfalva (Pyterfolvo). She was there for seven years, teaching the students in Hungarian.<\/p>\n<p>In the meantime, she started a family\u2026 Her husband, S\u00e1ndor, was also from M\u00e1tyfalva, working as a mathematics-physics teacher. They married in 1955. A year and a half later, their son, Istv\u00e1n, was born. She was only allowed to stay home with him for 52 days before she had to return to work. Auntie Ilonka was teaching in Tiszap\u00e9terfalva, and her husband was relocated to Nagyb\u00e9g\u00e1ny (Velyka Beihan). Eventually, the education inspector took pity on them, and her husband got a job in Fancsika (Fanchykovo), next to M\u00e1tyfalva. A year later, Auntie Ilonka was transferred to Tisza\u00fajhely as a German teacher. From there, she later moved to M\u00e1tyfalva, where she taught German for 27 years. During this time, she completed a German major at the university in Kyiv. She and her family lived first in M\u00e1tyfalva, then built a house in Ruszka Dolina (R\u00fas\u2019ka Dolina), next to the village. After their son, their daughter, \u00c9va, was born.<\/p>\n<p>Auntie Ilonka came from a religious family. At the age of eight, she walked all the way to M\u00e1riap\u00f3cs (a major pilgrimage site). She knew all the Marian hymns. Her husband also received a religious upbringing. However, as teachers, they could not publicly practice their faith. In fact, at Christmas, they were sent out onto the street to spy on the children singing carols. But she never hurt the children because of their religion; on the contrary, she encouraged them to pray. In secret, she herself tried to preserve her religious faith. Once a month, she traveled to Ungv\u00e1r, where no one knew her, and there she confessed and took communion. Her daughter\u2019s church wedding and her grandchildren\u2019s baptisms also took place in secret.<\/p>\n<p>In the meantime, significant changes occurred in the family\u2019s life: after their children settled in Beregsz\u00e1sz, Auntie Ilonka and her husband also moved to the town on the V\u00e9rke river in 1987. They lived in a shared house with their daughter\u2019s family.<\/p>\n<p>Auntie Ilonka continued teaching. She first became a German teacher in Beregsz\u00e1sz, and then in Beregsur\u00e1ny (in Hungary).<\/p>\n<p>Then, after 54 years of marriage, Auntie Ilonka became a widow in 2002. She remained with her children and grandchildren. The family has grown in the meantime: her three grandchildren have had six great-grandchildren. The years have flown by; Auntie Ilonka turned 91 last year. She has overcome numerous illnesses, and although she is physically weak, she is mentally very fresh, and spiritually, she remains the unifying force of the family to this day.<\/p>\t\t\t\t\t\t\t\t<\/div>\n\t\t\t\t<\/div>\n\t\t\t\t\t<\/div>\n\t\t\t\t<\/div>\n\t\t\t\t<\/div>\n\t\t","protected":false},"excerpt":{"rendered":"<p>Ilona Turzay Ilona Turzay Limitless Faith In the Greek Catholic church of Beregsz\u00e1sz (Berehove), the 91-year-old Auntie Ilonka Turzay is well known. While it\u2019s true that she hasn\u2019t been able to attend the Holy Liturgies for a few months due to her health, she prays at home for her four-generation family. Auntie Ilonka is a&#8230;<\/p>\n","protected":false},"author":2,"featured_media":0,"parent":1074,"menu_order":0,"comment_status":"closed","ping_status":"closed","template":"elementor_header_footer","meta":{"give_campaign_id":0,"_seopress_robots_primary_cat":"","_seopress_titles_title":"","_seopress_titles_desc":"","_seopress_robots_index":"","footnotes":""},"class_list":["post-849","page","type-page","status-publish","hentry"],"campaignId":"","_links":{"self":[{"href":"https:\/\/ferencviktoria.eu\/en\/wp-json\/wp\/v2\/pages\/849","targetHints":{"allow":["GET"]}}],"collection":[{"href":"https:\/\/ferencviktoria.eu\/en\/wp-json\/wp\/v2\/pages"}],"about":[{"href":"https:\/\/ferencviktoria.eu\/en\/wp-json\/wp\/v2\/types\/page"}],"author":[{"embeddable":true,"href":"https:\/\/ferencviktoria.eu\/en\/wp-json\/wp\/v2\/users\/2"}],"replies":[{"embeddable":true,"href":"https:\/\/ferencviktoria.eu\/en\/wp-json\/wp\/v2\/comments?post=849"}],"version-history":[{"count":6,"href":"https:\/\/ferencviktoria.eu\/en\/wp-json\/wp\/v2\/pages\/849\/revisions"}],"predecessor-version":[{"id":1491,"href":"https:\/\/ferencviktoria.eu\/en\/wp-json\/wp\/v2\/pages\/849\/revisions\/1491"}],"up":[{"embeddable":true,"href":"https:\/\/ferencviktoria.eu\/en\/wp-json\/wp\/v2\/pages\/1074"}],"wp:attachment":[{"href":"https:\/\/ferencviktoria.eu\/en\/wp-json\/wp\/v2\/media?parent=849"}],"curies":[{"name":"wp","href":"https:\/\/api.w.org\/{rel}","templated":true}]}}