{"id":672,"date":"2025-07-22T23:27:55","date_gmt":"2025-07-22T21:27:55","guid":{"rendered":"https:\/\/ferencviktoria.eu\/get-in-touch\/"},"modified":"2025-11-18T10:23:43","modified_gmt":"2025-11-18T09:23:43","slug":"get-in-touch","status":"publish","type":"page","link":"https:\/\/ferencviktoria.eu\/en\/get-in-touch\/","title":{"rendered":"Get in Touch"},"content":{"rendered":"\t\t<div data-elementor-type=\"wp-page\" data-elementor-id=\"672\" class=\"elementor elementor-672 elementor-179\">\n\t\t\t\t\t\t<section class=\"elementor-section elementor-top-section elementor-element elementor-element-151b1060 elementor-section-boxed elementor-section-height-default elementor-section-height-default creativo-sticky-disabled\" data-id=\"151b1060\" data-element_type=\"section\" data-settings=\"{&quot;background_background&quot;:&quot;classic&quot;,&quot;enable_creativo_sticky&quot;:&quot;disabled&quot;}\">\n\t\t\t\t\t\t\t<div class=\"elementor-background-overlay\"><\/div>\n\t\t\t\t\t\t\t<div class=\"elementor-container elementor-column-gap-default\">\n\t\t\t\t\t<div class=\"elementor-column elementor-col-100 elementor-top-column elementor-element elementor-element-17a7766c\" data-id=\"17a7766c\" data-element_type=\"column\">\n\t\t\t<div class=\"elementor-widget-wrap elementor-element-populated\">\n\t\t\t\t\t\t<div class=\"elementor-element elementor-element-3e2e7b8c elementor-widget elementor-widget-heading\" data-id=\"3e2e7b8c\" data-element_type=\"widget\" data-widget_type=\"heading.default\">\n\t\t\t\t\t<h2 class=\"elementor-heading-title elementor-size-default\">Get in Touch<\/h2>\t\t\t\t<\/div>\n\t\t\t\t\t<\/div>\n\t\t<\/div>\n\t\t\t\t\t<\/div>\n\t\t<\/section>\n\t\t\t\t<section class=\"elementor-section elementor-top-section elementor-element elementor-element-55ebf48 elementor-section-boxed elementor-section-height-default elementor-section-height-default creativo-sticky-disabled\" data-id=\"55ebf48\" data-element_type=\"section\" data-settings=\"{&quot;enable_creativo_sticky&quot;:&quot;disabled&quot;}\">\n\t\t\t\t\t\t<div class=\"elementor-container elementor-column-gap-default\">\n\t\t\t\t\t<div class=\"elementor-column elementor-col-33 elementor-top-column elementor-element elementor-element-e1815e8\" data-id=\"e1815e8\" data-element_type=\"column\">\n\t\t\t<div class=\"elementor-widget-wrap elementor-element-populated\">\n\t\t\t\t\t\t<div class=\"elementor-element elementor-element-c9ddbcf elementor-widget elementor-widget-heading\" data-id=\"c9ddbcf\" data-element_type=\"widget\" data-widget_type=\"heading.default\">\n\t\t\t\t\t<h4 class=\"elementor-heading-title elementor-size-default\">Brussel <br>Parlement Europ\u00e9en<\/h4>\t\t\t\t<\/div>\n\t\t\t\t<div class=\"elementor-element elementor-element-dbf74de elementor-widget elementor-widget-text-editor\" data-id=\"dbf74de\" data-element_type=\"widget\" data-widget_type=\"text-editor.default\">\n\t\t\t\t\t\t\t\t\t<p>B\u00e2t. WILLY BRANDT<br \/>03M015<br \/>60, rue Wiertz \/ Wiertzstraat 60<br \/>B-1047 Bruxelles\/Brussel<br \/>Tel : + +32 2 28 45742<\/p>\t\t\t\t\t\t\t\t<\/div>\n\t\t\t\t\t<\/div>\n\t\t<\/div>\n\t\t\t\t<div class=\"elementor-column elementor-col-33 elementor-top-column elementor-element elementor-element-981ce91\" data-id=\"981ce91\" data-element_type=\"column\">\n\t\t\t<div class=\"elementor-widget-wrap elementor-element-populated\">\n\t\t\t\t\t\t<div class=\"elementor-element elementor-element-0ff67a9 elementor-widget elementor-widget-heading\" data-id=\"0ff67a9\" data-element_type=\"widget\" data-widget_type=\"heading.default\">\n\t\t\t\t\t<h4 class=\"elementor-heading-title elementor-size-default\">Strasbourg <br>Parlement Europ\u00e9en<\/h4>\t\t\t\t<\/div>\n\t\t\t\t<div class=\"elementor-element elementor-element-124d270 elementor-widget elementor-widget-text-editor\" data-id=\"124d270\" data-element_type=\"widget\" data-widget_type=\"text-editor.default\">\n\t\t\t\t\t\t\t\t\t<p>B\u00e2t. LOUISE WEISS<br \/>T03008<br \/>1, avenue du Pr\u00e9sident Robert Schuman<br \/>CS 91024<br \/>F-67070 Strasbourg Cedex<br \/>Tel: +33 3 88 1 75742<\/p>\t\t\t\t\t\t\t\t<\/div>\n\t\t\t\t\t<\/div>\n\t\t<\/div>\n\t\t\t\t<div class=\"elementor-column elementor-col-33 elementor-top-column elementor-element elementor-element-e55325f\" data-id=\"e55325f\" data-element_type=\"column\">\n\t\t\t<div class=\"elementor-widget-wrap elementor-element-populated\">\n\t\t\t\t\t\t<div class=\"elementor-element elementor-element-759c870 elementor-widget elementor-widget-heading\" data-id=\"759c870\" data-element_type=\"widget\" data-widget_type=\"heading.default\">\n\t\t\t\t\t<h4 class=\"elementor-heading-title elementor-size-default\">Postal address<br>&nbsp;<\/h4>\t\t\t\t<\/div>\n\t\t\t\t<div class=\"elementor-element elementor-element-1664910 elementor-widget elementor-widget-text-editor\" data-id=\"1664910\" data-element_type=\"widget\" data-widget_type=\"text-editor.default\">\n\t\t\t\t\t\t\t\t\t<p>Parlement Europ\u00e9en<br \/>B\u00e2t. WILLY BRANDT<br \/>03M015<br \/>60, rue Wiertz <br \/>B-1047 Bruxelles<br \/>Belgium<\/p>\t\t\t\t\t\t\t\t<\/div>\n\t\t\t\t\t<\/div>\n\t\t<\/div>\n\t\t\t\t\t<\/div>\n\t\t<\/section>\n\t\t\t\t<section class=\"elementor-section elementor-top-section elementor-element elementor-element-bc72dd1 elementor-section-boxed elementor-section-height-default elementor-section-height-default creativo-sticky-disabled\" data-id=\"bc72dd1\" data-element_type=\"section\" data-settings=\"{&quot;background_background&quot;:&quot;classic&quot;,&quot;enable_creativo_sticky&quot;:&quot;disabled&quot;}\">\n\t\t\t\t\t\t<div class=\"elementor-container elementor-column-gap-default\">\n\t\t\t\t\t<div class=\"elementor-column elementor-col-100 elementor-top-column elementor-element elementor-element-1645e13\" data-id=\"1645e13\" data-element_type=\"column\">\n\t\t\t<div class=\"elementor-widget-wrap elementor-element-populated\">\n\t\t\t\t\t\t<div class=\"elementor-element elementor-element-8b05904 elementor-widget elementor-widget-heading\" data-id=\"8b05904\" data-element_type=\"widget\" data-widget_type=\"heading.default\">\n\t\t\t\t\t<h4 class=\"elementor-heading-title elementor-size-default\">Social Media<\/h4>\t\t\t\t<\/div>\n\t\t\t\t<div class=\"elementor-element elementor-element-d95e7a8 e-grid-align-center elementor-widget elementor-widget-creativo_social_icons\" data-id=\"d95e7a8\" data-element_type=\"widget\" data-widget_type=\"creativo_social_icons.default\">\n\t\t\t\t<div class=\"elementor-widget-container\">\n\t\t\t\t\t\t\t<div class=\"creativo-elements-social-icons-widget cr-si-layout-inline\">\r\n\t\t\t\t\t\t<div class=\"creativo-social-icons-wrap \">\r\n\t\t\t\t\t\t\t\t\t<div class=\"cr-social-icons-item relative\">\r\n\t\t\t\t\t\t<div class=\"flex justify-center relative\">\r\n\t\t\t\t\t\t\t\t\t\t\t\t\t\t\t<div class=\"cr-social-icons-tooltip absolute opacity-0 invisible text-center cr-tooltip-pos-top\">Follow on <span class=\"cr-si-tooltip-network\">facebook<\/span><\/div>\r\n\t\t\t\t\t\t\t\t\t\t\t\t\t\t\t<a class=\"cr-el-social-link relative cr-si-style2 cr-elementor-social-icon-facebook elementor-repeater-item-aa1ae38\" href=\"https:\/\/www.facebook.com\/people\/Ferenc-Vikt%C3%B3ria\/61558513814506\/\" target=\"_blank\">\t\t\t\t\t\t\t\r\n\t\t\t\t\t\t\t\t<svg class=\"e-font-icon-svg e-fab-facebook\" viewBox=\"0 0 512 512\" xmlns=\"http:\/\/www.w3.org\/2000\/svg\"><path d=\"M504 256C504 119 393 8 256 8S8 119 8 256c0 123.78 90.69 226.38 209.25 245V327.69h-63V256h63v-54.64c0-62.15 37-96.48 93.67-96.48 27.14 0 55.52 4.84 55.52 4.84v61h-31.28c-30.8 0-40.41 19.12-40.41 38.73V256h68.78l-11 71.69h-57.78V501C413.31 482.38 504 379.78 504 256z\"><\/path><\/svg>\t\t\t\t\t\t\t<\/a>\r\n\t\t\t\t\t\t<\/div>\r\n\t\t\t\t\t<\/div>\r\n\t\t\t\t\t\t\t\t\t\t<div class=\"cr-social-icons-item relative\">\r\n\t\t\t\t\t\t<div class=\"flex justify-center relative\">\r\n\t\t\t\t\t\t\t\t\t\t\t\t\t\t\t<div class=\"cr-social-icons-tooltip absolute opacity-0 invisible text-center cr-tooltip-pos-top\">Follow on <span class=\"cr-si-tooltip-network\">twitter<\/span><\/div>\r\n\t\t\t\t\t\t\t\t\t\t\t\t\t\t\t<a class=\"cr-el-social-link relative cr-si-style2 cr-elementor-social-icon-twitter elementor-repeater-item-2afb2e4\" href=\"https:\/\/x.com\/MEP_Ferenc\" target=\"_blank\">\t\t\t\t\t\t\t\r\n\t\t\t\t\t\t\t\t<svg class=\"e-font-icon-svg e-fab-twitter\" viewBox=\"0 0 512 512\" xmlns=\"http:\/\/www.w3.org\/2000\/svg\"><path d=\"M459.37 151.716c.325 4.548.325 9.097.325 13.645 0 138.72-105.583 298.558-298.558 298.558-59.452 0-114.68-17.219-161.137-47.106 8.447.974 16.568 1.299 25.34 1.299 49.055 0 94.213-16.568 130.274-44.832-46.132-.975-84.792-31.188-98.112-72.772 6.498.974 12.995 1.624 19.818 1.624 9.421 0 18.843-1.3 27.614-3.573-48.081-9.747-84.143-51.98-84.143-102.985v-1.299c13.969 7.797 30.214 12.67 47.431 13.319-28.264-18.843-46.781-51.005-46.781-87.391 0-19.492 5.197-37.36 14.294-52.954 51.655 63.675 129.3 105.258 216.365 109.807-1.624-7.797-2.599-15.918-2.599-24.04 0-57.828 46.782-104.934 104.934-104.934 30.213 0 57.502 12.67 76.67 33.137 23.715-4.548 46.456-13.32 66.599-25.34-7.798 24.366-24.366 44.833-46.132 57.827 21.117-2.273 41.584-8.122 60.426-16.243-14.292 20.791-32.161 39.308-52.628 54.253z\"><\/path><\/svg>\t\t\t\t\t\t\t<\/a>\r\n\t\t\t\t\t\t<\/div>\r\n\t\t\t\t\t<\/div>\r\n\t\t\t\t\t\t\t\t\t\t<div class=\"cr-social-icons-item relative\">\r\n\t\t\t\t\t\t<div class=\"flex justify-center relative\">\r\n\t\t\t\t\t\t\t\t\t\t\t\t\t\t\t<div class=\"cr-social-icons-tooltip absolute opacity-0 invisible text-center cr-tooltip-pos-top\">Follow on <span class=\"cr-si-tooltip-network\">tiktok<\/span><\/div>\r\n\t\t\t\t\t\t\t\t\t\t\t\t\t\t\t<a class=\"cr-el-social-link relative cr-si-style2 cr-elementor-social-icon-tiktok elementor-repeater-item-1a7af43\" href=\"https:\/\/www.tiktok.com\/@viktoriaferenc_mep\" target=\"_blank\">\t\t\t\t\t\t\t\r\n\t\t\t\t\t\t\t\t<svg class=\"e-font-icon-svg e-fab-tiktok\" viewBox=\"0 0 448 512\" xmlns=\"http:\/\/www.w3.org\/2000\/svg\"><path d=\"M448,209.91a210.06,210.06,0,0,1-122.77-39.25V349.38A162.55,162.55,0,1,1,185,188.31V278.2a74.62,74.62,0,1,0,52.23,71.18V0l88,0a121.18,121.18,0,0,0,1.86,22.17h0A122.18,122.18,0,0,0,381,102.39a121.43,121.43,0,0,0,67,20.14Z\"><\/path><\/svg>\t\t\t\t\t\t\t<\/a>\r\n\t\t\t\t\t\t<\/div>\r\n\t\t\t\t\t<\/div>\r\n\t\t\t\t\t\t\t\t\t\t<div class=\"cr-social-icons-item relative\">\r\n\t\t\t\t\t\t<div class=\"flex justify-center relative\">\r\n\t\t\t\t\t\t\t\t\t\t\t\t\t\t\t<div class=\"cr-social-icons-tooltip absolute opacity-0 invisible text-center cr-tooltip-pos-top\">Follow on <span class=\"cr-si-tooltip-network\">youtube<\/span><\/div>\r\n\t\t\t\t\t\t\t\t\t\t\t\t\t\t\t<a class=\"cr-el-social-link relative cr-si-style2 cr-elementor-social-icon-youtube elementor-repeater-item-3db47b7\" href=\"https:\/\/www.youtube.com\/@FerencViktoriaMEP\" target=\"_blank\">\t\t\t\t\t\t\t\r\n\t\t\t\t\t\t\t\t<svg class=\"e-font-icon-svg e-fab-youtube\" viewBox=\"0 0 576 512\" xmlns=\"http:\/\/www.w3.org\/2000\/svg\"><path d=\"M549.655 124.083c-6.281-23.65-24.787-42.276-48.284-48.597C458.781 64 288 64 288 64S117.22 64 74.629 75.486c-23.497 6.322-42.003 24.947-48.284 48.597-11.412 42.867-11.412 132.305-11.412 132.305s0 89.438 11.412 132.305c6.281 23.65 24.787 41.5 48.284 47.821C117.22 448 288 448 288 448s170.78 0 213.371-11.486c23.497-6.321 42.003-24.171 48.284-47.821 11.412-42.867 11.412-132.305 11.412-132.305s0-89.438-11.412-132.305zm-317.51 213.508V175.185l142.739 81.205-142.739 81.201z\"><\/path><\/svg>\t\t\t\t\t\t\t<\/a>\r\n\t\t\t\t\t\t<\/div>\r\n\t\t\t\t\t<\/div>\r\n\t\t\t\t\t\t\t\t<\/div>\r\n\t\t<\/div>\r\n\t\t\t\t\t\t<\/div>\n\t\t\t\t<\/div>\n\t\t\t\t\t<\/div>\n\t\t<\/div>\n\t\t\t\t\t<\/div>\n\t\t<\/section>\n\t\t\t\t<section class=\"elementor-section elementor-top-section elementor-element elementor-element-2371c29a elementor-section-boxed elementor-section-height-default elementor-section-height-default creativo-sticky-disabled\" data-id=\"2371c29a\" data-element_type=\"section\" data-settings=\"{&quot;enable_creativo_sticky&quot;:&quot;disabled&quot;}\">\n\t\t\t\t\t\t<div class=\"elementor-container elementor-column-gap-default\">\n\t\t\t\t\t<div class=\"elementor-column elementor-col-50 elementor-top-column elementor-element elementor-element-197861b1\" data-id=\"197861b1\" data-element_type=\"column\">\n\t\t\t<div class=\"elementor-widget-wrap elementor-element-populated\">\n\t\t\t\t\t\t<div class=\"elementor-element elementor-element-2917d87a elementor-widget elementor-widget-html\" data-id=\"2917d87a\" data-element_type=\"widget\" data-widget_type=\"html.default\">\n\t\t\t\t\t<iframe src=\"https:\/\/www.google.com\/maps\/embed?pb=!1m18!1m12!1m3!1d3014.9810920204345!2d4.372436076868498!3d50.83871075933208!2m3!1f0!2f0!3f0!3m2!1i1024!2i768!4f13.1!3m3!1m2!1s0x47c3c49a30182837%3A0x33ebe975bd2b1d75!2sRue%20Wiertz%2060%2F60%2C%201047%20Ixelles%2C%20Belgium!5e1!3m2!1sen!2shu!4v1759825447497!5m2!1sen!2shu\" width=\"600\" height=\"450\" style=\"border:0;\" allowfullscreen=\"\" loading=\"lazy\" referrerpolicy=\"no-referrer-when-downgrade\"><\/iframe>\t\t\t\t<\/div>\n\t\t\t\t\t<\/div>\n\t\t<\/div>\n\t\t\t\t<div class=\"elementor-column elementor-col-50 elementor-top-column elementor-element elementor-element-635d4165\" data-id=\"635d4165\" data-element_type=\"column\">\n\t\t\t<div class=\"elementor-widget-wrap elementor-element-populated\">\n\t\t\t\t\t\t<div class=\"elementor-element elementor-element-6cbbe807 elementor-widget elementor-widget-heading\" data-id=\"6cbbe807\" data-element_type=\"widget\" data-widget_type=\"heading.default\">\n\t\t\t\t\t<h4 class=\"elementor-heading-title elementor-size-default\">We would love to hear from you<\/h4>\t\t\t\t<\/div>\n\t\t\t\t<div class=\"elementor-element elementor-element-34919500 elementor-widget-divider--view-line elementor-widget elementor-widget-divider\" data-id=\"34919500\" data-element_type=\"widget\" data-widget_type=\"divider.default\">\n\t\t\t\t\t\t\t<div class=\"elementor-divider\">\n\t\t\t<span class=\"elementor-divider-separator\">\n\t\t\t\t\t\t<\/span>\n\t\t<\/div>\n\t\t\t\t\t\t<\/div>\n\t\t\t\t<div class=\"elementor-element elementor-element-3a9b57 elementor-widget elementor-widget-creativo_contact_form_7\" data-id=\"3a9b57\" data-element_type=\"widget\" data-widget_type=\"creativo_contact_form_7.default\">\n\t\t\t\t<div class=\"elementor-widget-container\">\n\t\t\t\t\t<div class=\"creativo-elements-contact-form-7-widget\"><div class=\"creativo_cf7 relative cf_scope_1 half_width none force-last-full\"><style type=\"text\/css\" scoped=\"scoped\">.creativo_cf7.cf_scope_1{margin:0 auto;}.creativo_cf7.cf_scope_1 .wpcf7-form input{ transition: all .2s ease-in-out; }.cf_scope_1 span.wpcf7-form-control-wrap.your-message {width: 100%; display: block; margin-right:0;}.cf_scope_1 .wpcf7-submit, .cf_scope_1 .wpcf7-submit:focus {border: 1px solid #ccc;margin-top:10px; margin-right: 0; margin-bottom:0;width:100%; text-align:center;transition: all 0.2s ease-in-out; -webkit-transition: all 0.2s ease-in-out;}@media (max-width: 640px) {.creativo_cf7.cf_scope_1 {width: 100%;}}<\/style>\n<div class=\"wpcf7 no-js\" id=\"wpcf7-f981-o1\" lang=\"en-US\" dir=\"ltr\" data-wpcf7-id=\"981\">\n<div class=\"screen-reader-response\"><p role=\"status\" aria-live=\"polite\" aria-atomic=\"true\"><\/p> <ul><\/ul><\/div>\n<form action=\"\/en\/wp-json\/wp\/v2\/pages\/672#wpcf7-f981-o1\" method=\"post\" class=\"wpcf7-form init\" aria-label=\"Contact form\" novalidate=\"novalidate\" data-status=\"init\">\n<fieldset class=\"hidden-fields-container\"><input type=\"hidden\" name=\"_wpcf7\" value=\"981\" \/><input type=\"hidden\" name=\"_wpcf7_version\" value=\"6.1.5\" \/><input type=\"hidden\" name=\"_wpcf7_locale\" value=\"en_US\" \/><input type=\"hidden\" name=\"_wpcf7_unit_tag\" value=\"wpcf7-f981-o1\" \/><input type=\"hidden\" name=\"_wpcf7_container_post\" value=\"0\" \/><input type=\"hidden\" name=\"_wpcf7_posted_data_hash\" value=\"\" \/>\n<\/fieldset>\n<p><span class=\"wpcf7-form-control-wrap\" data-name=\"your-name\"><input size=\"40\" maxlength=\"400\" class=\"wpcf7-form-control wpcf7-text wpcf7-validates-as-required\" autocomplete=\"name\" aria-required=\"true\" aria-invalid=\"false\" placeholder=\"First Name\" value=\"\" type=\"text\" name=\"your-name\" \/><\/span><br \/>\n<span class=\"wpcf7-form-control-wrap\" data-name=\"your-name\"><input size=\"40\" maxlength=\"400\" class=\"wpcf7-form-control wpcf7-text wpcf7-validates-as-required\" autocomplete=\"name\" aria-required=\"true\" aria-invalid=\"false\" placeholder=\"Last Name\" value=\"\" type=\"text\" name=\"your-name\" \/><\/span><br \/>\n<span class=\"wpcf7-form-control-wrap\" data-name=\"your-email\"><input size=\"40\" maxlength=\"400\" class=\"wpcf7-form-control wpcf7-email wpcf7-validates-as-required wpcf7-text wpcf7-validates-as-email\" autocomplete=\"email\" aria-required=\"true\" aria-invalid=\"false\" placeholder=\"Email\" value=\"\" type=\"email\" name=\"your-email\" \/><\/span><br \/>\n<span class=\"wpcf7-form-control-wrap\" data-name=\"your-phone\"><input size=\"40\" maxlength=\"400\" class=\"wpcf7-form-control wpcf7-tel wpcf7-text wpcf7-validates-as-tel\" aria-invalid=\"false\" placeholder=\"Phone number\" value=\"\" type=\"tel\" name=\"your-phone\" \/><\/span><br \/>\n<span class=\"wpcf7-form-control-wrap\" data-name=\"your-message\"><textarea cols=\"40\" rows=\"10\" maxlength=\"2000\" class=\"wpcf7-form-control wpcf7-textarea\" aria-invalid=\"false\" name=\"your-message\"><\/textarea><\/span><br \/>\n<input class=\"wpcf7-form-control wpcf7-submit has-spinner\" type=\"submit\" value=\"Send Message\" \/>\n<\/p><div class=\"wpcf7-response-output\" aria-hidden=\"true\"><\/div>\n<\/form>\n<\/div>\n<\/div><\/div>\t\t\t\t<\/div>\n\t\t\t\t<\/div>\n\t\t\t\t\t<\/div>\n\t\t<\/div>\n\t\t\t\t\t<\/div>\n\t\t<\/section>\n\t\t\t\t<\/div>\n\t\t","protected":false},"excerpt":{"rendered":"<p>Get in Touch Brussel Parlement Europ\u00e9en B\u00e2t. WILLY BRANDT03M01560, rue Wiertz \/ Wiertzstraat 60B-1047 Bruxelles\/BrusselTel : + +32 2 28 45742 Strasbourg Parlement Europ\u00e9en B\u00e2t. LOUISE WEISST030081, avenue du Pr\u00e9sident Robert SchumanCS 91024F-67070 Strasbourg CedexTel: +33 3 88 1 75742 Postal address&nbsp; Parlement Europ\u00e9enB\u00e2t. WILLY BRANDT03M01560, rue Wiertz B-1047 BruxellesBelgium Social Media Follow on facebook&#8230;<\/p>\n","protected":false},"author":1,"featured_media":0,"parent":0,"menu_order":0,"comment_status":"closed","ping_status":"closed","template":"elementor_header_footer","meta":{"give_campaign_id":0,"_seopress_robots_primary_cat":"","_seopress_titles_title":"","_seopress_titles_desc":"","_seopress_robots_index":"","footnotes":""},"class_list":["post-672","page","type-page","status-publish","hentry"],"campaignId":"","_links":{"self":[{"href":"https:\/\/ferencviktoria.eu\/en\/wp-json\/wp\/v2\/pages\/672","targetHints":{"allow":["GET"]}}],"collection":[{"href":"https:\/\/ferencviktoria.eu\/en\/wp-json\/wp\/v2\/pages"}],"about":[{"href":"https:\/\/ferencviktoria.eu\/en\/wp-json\/wp\/v2\/types\/page"}],"author":[{"embeddable":true,"href":"https:\/\/ferencviktoria.eu\/en\/wp-json\/wp\/v2\/users\/1"}],"replies":[{"embeddable":true,"href":"https:\/\/ferencviktoria.eu\/en\/wp-json\/wp\/v2\/comments?post=672"}],"version-history":[{"count":19,"href":"https:\/\/ferencviktoria.eu\/en\/wp-json\/wp\/v2\/pages\/672\/revisions"}],"predecessor-version":[{"id":1628,"href":"https:\/\/ferencviktoria.eu\/en\/wp-json\/wp\/v2\/pages\/672\/revisions\/1628"}],"wp:attachment":[{"href":"https:\/\/ferencviktoria.eu\/en\/wp-json\/wp\/v2\/media?parent=672"}],"curies":[{"name":"wp","href":"https:\/\/api.w.org\/{rel}","templated":true}]}}